{"id":209,"date":"2024-09-01T18:44:54","date_gmt":"2024-09-01T16:44:54","guid":{"rendered":"http:\/\/themenectar.com\/demo\/salient-corporate-2\/?page_id=209"},"modified":"2026-02-19T11:36:32","modified_gmt":"2026-02-19T10:36:32","slug":"actualites-rhumatologie","status":"publish","type":"page","link":"https:\/\/essrhumatologie.fr\/littoral\/actualites-rhumatologie\/","title":{"rendered":"Blog ESS"},"content":{"rendered":"[vc_row type=\u00a0\u00bbfull_width_background\u00a0\u00bb full_screen_row_position=\u00a0\u00bbmiddle\u00a0\u00bb column_margin=\u00a0\u00bbdefault\u00a0\u00bb column_direction=\u00a0\u00bbdefault\u00a0\u00bb column_direction_tablet=\u00a0\u00bbdefault\u00a0\u00bb column_direction_phone=\u00a0\u00bbdefault\u00a0\u00bb bg_color=\u00a0\u00bb#ffffff\u00a0\u00bb scene_position=\u00a0\u00bbcenter\u00a0\u00bb bottom_padding=\u00a0\u00bb60&Prime; text_color=\u00a0\u00bbdark\u00a0\u00bb text_align=\u00a0\u00bbleft\u00a0\u00bb row_border_radius=\u00a0\u00bbnone\u00a0\u00bb row_border_radius_applies=\u00a0\u00bbbg\u00a0\u00bb overflow=\u00a0\u00bbvisible\u00a0\u00bb overlay_strength=\u00a0\u00bb0.3&Prime; gradient_direction=\u00a0\u00bbleft_to_right\u00a0\u00bb shape_divider_position=\u00a0\u00bbbottom\u00a0\u00bb bg_image_animation=\u00a0\u00bbnone\u00a0\u00bb shape_type=\u00a0\u00bb\u00a0\u00bb gradient_type=\u00a0\u00bbdefault\u00a0\u00bb][vc_column column_padding=\u00a0\u00bbno-extra-padding\u00a0\u00bb column_padding_tablet=\u00a0\u00bbinherit\u00a0\u00bb column_padding_phone=\u00a0\u00bbinherit\u00a0\u00bb column_padding_position=\u00a0\u00bball\u00a0\u00bb column_element_direction_desktop=\u00a0\u00bbdefault\u00a0\u00bb column_element_spacing=\u00a0\u00bbdefault\u00a0\u00bb desktop_text_alignment=\u00a0\u00bbdefault\u00a0\u00bb tablet_text_alignment=\u00a0\u00bbdefault\u00a0\u00bb phone_text_alignment=\u00a0\u00bbdefault\u00a0\u00bb background_color_opacity=\u00a0\u00bb1&Prime; background_hover_color_opacity=\u00a0\u00bb1&Prime; column_backdrop_filter=\u00a0\u00bbnone\u00a0\u00bb column_shadow=\u00a0\u00bbnone\u00a0\u00bb column_border_radius=\u00a0\u00bbnone\u00a0\u00bb column_link_target=\u00a0\u00bb_self\u00a0\u00bb column_position=\u00a0\u00bbdefault\u00a0\u00bb gradient_direction=\u00a0\u00bbleft_to_right\u00a0\u00bb overlay_strength=\u00a0\u00bb0.3&Prime; width=\u00a0\u00bb1\/1&Prime; tablet_width_inherit=\u00a0\u00bbdefault\u00a0\u00bb animation_type=\u00a0\u00bbdefault\u00a0\u00bb bg_image_animation=\u00a0\u00bbnone\u00a0\u00bb border_type=\u00a0\u00bbsimple\u00a0\u00bb column_border_width=\u00a0\u00bbnone\u00a0\u00bb column_border_style=\u00a0\u00bbsolid\u00a0\u00bb][divider line_type=\u00a0\u00bbNo Line\u00a0\u00bb custom_height=\u00a0\u00bb90&Prime;][recent_posts style=\u00a0\u00bbsingle_large_featured\u00a0\u00bb large_featured_padding=\u00a0\u00bb8%\u00a0\u00bb button_color=\u00a0\u00bbAccent-Color\u00a0\u00bb button_arrow_style=\u00a0\u00bbdefault\u00a0\u00bb load_in_animation=\u00a0\u00bbnone\u00a0\u00bb single_large_featured_content_side_spacing=\u00a0\u00bbdefault\u00a0\u00bb single_large_featured_content_alignment=\u00a0\u00bbmiddle\u00a0\u00bb large_featured_content_max_width=\u00a0\u00bbdefault\u00a0\u00bb bg_overlay=\u00a0\u00bbsolid_color\u00a0\u00bb large_featured_heading_tag=\u00a0\u00bbh2&Prime; category=\u00a0\u00bbactivite-ess,document,interview-d-senbel,offre-de-soins\u00a0\u00bb order=\u00a0\u00bbASC\u00a0\u00bb orderby=\u00a0\u00bbmodified\u00a0\u00bb image_loading=\u00a0\u00bbdefault\u00a0\u00bb blog_remove_post_date=\u00a0\u00bbtrue\u00a0\u00bb blog_remove_post_author=\u00a0\u00bbtrue\u00a0\u00bb blog_remove_post_comment_number=\u00a0\u00bbtrue\u00a0\u00bb blog_remove_post_nectar_love=\u00a0\u00bbtrue\u00a0\u00bb][vc_video link=\u00a0\u00bbhttps:\/\/youtu.be\/b37DenoQRJs\u00a0\u00bb][\/vc_column][\/vc_row][vc_row type=\u00a0\u00bbin_container\u00a0\u00bb full_screen_row_position=\u00a0\u00bbmiddle\u00a0\u00bb column_margin=\u00a0\u00bbdefault\u00a0\u00bb column_direction=\u00a0\u00bbdefault\u00a0\u00bb column_direction_tablet=\u00a0\u00bbdefault\u00a0\u00bb column_direction_phone=\u00a0\u00bbdefault\u00a0\u00bb scene_position=\u00a0\u00bbcenter\u00a0\u00bb bottom_padding=\u00a0\u00bb30&Prime; text_color=\u00a0\u00bbdark\u00a0\u00bb text_align=\u00a0\u00bbleft\u00a0\u00bb row_border_radius=\u00a0\u00bbnone\u00a0\u00bb row_border_radius_applies=\u00a0\u00bbbg\u00a0\u00bb overflow=\u00a0\u00bbvisible\u00a0\u00bb overlay_strength=\u00a0\u00bb0.3&Prime; gradient_direction=\u00a0\u00bbleft_to_right\u00a0\u00bb shape_divider_position=\u00a0\u00bbbottom\u00a0\u00bb bg_image_animation=\u00a0\u00bbnone\u00a0\u00bb shape_type=\u00a0\u00bb\u00a0\u00bb][vc_column column_padding=\u00a0\u00bbno-extra-padding\u00a0\u00bb column_padding_tablet=\u00a0\u00bbinherit\u00a0\u00bb column_padding_phone=\u00a0\u00bbinherit\u00a0\u00bb column_padding_position=\u00a0\u00bball\u00a0\u00bb column_element_direction_desktop=\u00a0\u00bbdefault\u00a0\u00bb column_element_spacing=\u00a0\u00bbdefault\u00a0\u00bb desktop_text_alignment=\u00a0\u00bbdefault\u00a0\u00bb tablet_text_alignment=\u00a0\u00bbdefault\u00a0\u00bb phone_text_alignment=\u00a0\u00bbdefault\u00a0\u00bb background_color_opacity=\u00a0\u00bb1&Prime; background_hover_color_opacity=\u00a0\u00bb1&Prime; column_backdrop_filter=\u00a0\u00bbnone\u00a0\u00bb column_shadow=\u00a0\u00bbnone\u00a0\u00bb column_border_radius=\u00a0\u00bbnone\u00a0\u00bb column_link_target=\u00a0\u00bb_self\u00a0\u00bb column_position=\u00a0\u00bbdefault\u00a0\u00bb gradient_direction=\u00a0\u00bbleft_to_right\u00a0\u00bb overlay_strength=\u00a0\u00bb0.3&Prime; width=\u00a0\u00bb1\/1&Prime; tablet_width_inherit=\u00a0\u00bbdefault\u00a0\u00bb animation_type=\u00a0\u00bbdefault\u00a0\u00bb bg_image_animation=\u00a0\u00bbnone\u00a0\u00bb border_type=\u00a0\u00bbsimple\u00a0\u00bb column_border_width=\u00a0\u00bbnone\u00a0\u00bb column_border_style=\u00a0\u00bbsolid\u00a0\u00bb][divider line_type=\u00a0\u00bbNo Line\u00a0\u00bb custom_height=\u00a0\u00bb100&Prime;][nectar_blog layout=\u00a0\u00bbmasonry-blog-fullwidth\u00a0\u00bb blog_masonry_style=\u00a0\u00bbinherit\u00a0\u00bb load_in_animation=\u00a0\u00bbfade_in_from_bottom\u00a0\u00bb category=\u00a0\u00bbactivite-ess,document,interview-d-senbel,offre-de-soins\u00a0\u00bb enable_pagination=\u00a0\u00bbtrue\u00a0\u00bb pagination_type=\u00a0\u00bbdefault\u00a0\u00bb order=\u00a0\u00bbASC\u00a0\u00bb orderby=\u00a0\u00bbdate\u00a0\u00bb blog_remove_post_date=\u00a0\u00bbtrue\u00a0\u00bb blog_remove_post_author=\u00a0\u00bbtrue\u00a0\u00bb blog_remove_post_comment_number=\u00a0\u00bbtrue\u00a0\u00bb blog_remove_post_nectar_love=\u00a0\u00bbtrue\u00a0\u00bb posts_per_page=\u00a0\u00bb8&Prime;][\/vc_column][\/vc_row][vc_row type=\u00a0\u00bbin_container\u00a0\u00bb full_screen_row_position=\u00a0\u00bbmiddle\u00a0\u00bb column_margin=\u00a0\u00bbdefault\u00a0\u00bb column_direction=\u00a0\u00bbdefault\u00a0\u00bb column_direction_tablet=\u00a0\u00bbdefault\u00a0\u00bb column_direction_phone=\u00a0\u00bbdefault\u00a0\u00bb scene_position=\u00a0\u00bbcenter\u00a0\u00bb text_color=\u00a0\u00bbdark\u00a0\u00bb text_align=\u00a0\u00bbleft\u00a0\u00bb row_border_radius=\u00a0\u00bbnone\u00a0\u00bb row_border_radius_applies=\u00a0\u00bbbg\u00a0\u00bb overflow=\u00a0\u00bbvisible\u00a0\u00bb overlay_strength=\u00a0\u00bb0.3&Prime; gradient_direction=\u00a0\u00bbleft_to_right\u00a0\u00bb shape_divider_position=\u00a0\u00bbbottom\u00a0\u00bb bg_image_animation=\u00a0\u00bbnone\u00a0\u00bb][vc_column column_padding=\u00a0\u00bbno-extra-padding\u00a0\u00bb column_padding_tablet=\u00a0\u00bbinherit\u00a0\u00bb column_padding_phone=\u00a0\u00bbinherit\u00a0\u00bb column_padding_position=\u00a0\u00bball\u00a0\u00bb column_element_direction_desktop=\u00a0\u00bbdefault\u00a0\u00bb column_element_spacing=\u00a0\u00bbdefault\u00a0\u00bb desktop_text_alignment=\u00a0\u00bbdefault\u00a0\u00bb tablet_text_alignment=\u00a0\u00bbdefault\u00a0\u00bb phone_text_alignment=\u00a0\u00bbdefault\u00a0\u00bb background_color_opacity=\u00a0\u00bb1&Prime; background_hover_color_opacity=\u00a0\u00bb1&Prime; column_backdrop_filter=\u00a0\u00bbnone\u00a0\u00bb column_shadow=\u00a0\u00bbnone\u00a0\u00bb column_border_radius=\u00a0\u00bbnone\u00a0\u00bb column_link_target=\u00a0\u00bb_self\u00a0\u00bb column_position=\u00a0\u00bbdefault\u00a0\u00bb gradient_direction=\u00a0\u00bbleft_to_right\u00a0\u00bb overlay_strength=\u00a0\u00bb0.3&Prime; width=\u00a0\u00bb1\/1&Prime; tablet_width_inherit=\u00a0\u00bbdefault\u00a0\u00bb animation_type=\u00a0\u00bbdefault\u00a0\u00bb bg_image_animation=\u00a0\u00bbnone\u00a0\u00bb border_type=\u00a0\u00bbsimple\u00a0\u00bb column_border_width=\u00a0\u00bbnone\u00a0\u00bb column_border_style=\u00a0\u00bbsolid\u00a0\u00bb][nectar_icon icon_family=\u00a0\u00bbfontawesome\u00a0\u00bb icon_style=\u00a0\u00bbdefault\u00a0\u00bb icon_color_type=\u00a0\u00bbcolor_scheme\u00a0\u00bb icon_color=\u00a0\u00bbAccent-Color\u00a0\u00bb open_new_tab=\u00a0\u00bbtrue\u00a0\u00bb icon_padding=\u00a0\u00bb20px\u00a0\u00bb pointer_events=\u00a0\u00bball\u00a0\u00bb icon_fontawesome=\u00a0\u00bbfa fa-linkedin-square\u00a0\u00bb url=\u00a0\u00bbhttps:\/\/www.linkedin.com\/company\/ess-rhumatologie-du-littoral\/\u00a0\u00bb][nectar_icon icon_family=\u00a0\u00bbfontawesome\u00a0\u00bb icon_style=\u00a0\u00bbdefault\u00a0\u00bb icon_color_type=\u00a0\u00bbcolor_scheme\u00a0\u00bb icon_color=\u00a0\u00bbAccent-Color\u00a0\u00bb open_new_tab=\u00a0\u00bbtrue\u00a0\u00bb icon_padding=\u00a0\u00bb20px\u00a0\u00bb pointer_events=\u00a0\u00bball\u00a0\u00bb icon_fontawesome=\u00a0\u00bbfa fa-instagram\u00a0\u00bb url=\u00a0\u00bbhttps:\/\/www.instagram.com\/essrhumatologiedulittoral\/\u00a0\u00bb][\/vc_column][\/vc_row]\n","protected":false},"excerpt":{"rendered":"<p>[vc_row type=\u00a0\u00bbfull_width_background\u00a0\u00bb full_screen_row_position=\u00a0\u00bbmiddle\u00a0\u00bb column_margin=\u00a0\u00bbdefault\u00a0\u00bb column_direction=\u00a0\u00bbdefault\u00a0\u00bb column_direction_tablet=\u00a0\u00bbdefault\u00a0\u00bb column_direction_phone=\u00a0\u00bbdefault\u00a0\u00bb bg_color=\u00a0\u00bb#ffffff\u00a0\u00bb scene_position=\u00a0\u00bbcenter\u00a0\u00bb bottom_padding=\u00a0\u00bb60&Prime; text_color=\u00a0\u00bbdark\u00a0\u00bb text_align=\u00a0\u00bbleft\u00a0\u00bb row_border_radius=\u00a0\u00bbnone\u00a0\u00bb row_border_radius_applies=\u00a0\u00bbbg\u00a0\u00bb overflow=\u00a0\u00bbvisible\u00a0\u00bb overlay_strength=\u00a0\u00bb0.3&Prime; gradient_direction=\u00a0\u00bbleft_to_right\u00a0\u00bb shape_divider_position=\u00a0\u00bbbottom\u00a0\u00bb bg_image_animation=\u00a0\u00bbnone\u00a0\u00bb shape_type=\u00a0\u00bb\u00a0\u00bb gradient_type=\u00a0\u00bbdefault\u00a0\u00bb][vc_column column_padding=\u00a0\u00bbno-extra-padding\u00a0\u00bb column_padding_tablet=\u00a0\u00bbinherit\u00a0\u00bb column_padding_phone=\u00a0\u00bbinherit\u00a0\u00bb column_padding_position=\u00a0\u00bball\u00a0\u00bb column_element_direction_desktop=\u00a0\u00bbdefault\u00a0\u00bb column_element_spacing=\u00a0\u00bbdefault\u00a0\u00bb desktop_text_alignment=\u00a0\u00bbdefault\u00a0\u00bb tablet_text_alignment=\u00a0\u00bbdefault\u00a0\u00bb phone_text_alignment=\u00a0\u00bbdefault\u00a0\u00bb background_color_opacity=\u00a0\u00bb1&Prime; background_hover_color_opacity=\u00a0\u00bb1&Prime; column_backdrop_filter=\u00a0\u00bbnone\u00a0\u00bb column_shadow=\u00a0\u00bbnone\u00a0\u00bb column_border_radius=\u00a0\u00bbnone\u00a0\u00bb column_link_target=\u00a0\u00bb_self\u00a0\u00bb column_position=\u00a0\u00bbdefault\u00a0\u00bb gradient_direction=\u00a0\u00bbleft_to_right\u00a0\u00bb overlay_strength=\u00a0\u00bb0.3&Prime; width=\u00a0\u00bb1\/1&Prime; tablet_width_inherit=\u00a0\u00bbdefault\u00a0\u00bb animation_type=\u00a0\u00bbdefault\u00a0\u00bb bg_image_animation=\u00a0\u00bbnone\u00a0\u00bb border_type=\u00a0\u00bbsimple\u00a0\u00bb column_border_width=\u00a0\u00bbnone\u00a0\u00bb&#8230;<\/p>\n","protected":false},"author":1,"featured_media":0,"parent":0,"menu_order":0,"comment_status":"closed","ping_status":"closed","template":"","meta":{"_EventAllDay":false,"_EventTimezone":"","_EventStartDate":"","_EventEndDate":"","_EventStartDateUTC":"","_EventEndDateUTC":"","_EventShowMap":false,"_EventShowMapLink":false,"_EventURL":"","_EventCost":"","_EventCostDescription":"","_EventCurrencySymbol":"","_EventCurrencyCode":"","_EventCurrencyPosition":"","_EventDateTimeSeparator":"","_EventTimeRangeSeparator":"","_EventOrganizerID":[],"_EventVenueID":[],"_OrganizerEmail":"","_OrganizerPhone":"","_OrganizerWebsite":"","_VenueAddress":"","_VenueCity":"","_VenueCountry":"","_VenueProvince":"","_VenueState":"","_VenueZip":"","_VenuePhone":"","_VenueURL":"","_VenueStateProvince":"","_VenueLat":"","_VenueLng":"","_VenueShowMap":false,"_VenueShowMapLink":false,"footnotes":""},"class_list":["post-209","page","type-page","status-publish"],"yoast_head":"<!-- This site is optimized with the Yoast SEO plugin v27.4 - https:\/\/yoast.com\/product\/yoast-seo-wordpress\/ -->\n<title>Blog ESS - ESS Rhumatologie du Littoral<\/title>\n<meta name=\"description\" content=\"Actualit\u00e9s en lien avec la rhumatologie dans les Bouches-du-Rh\u00f4ne et sur l&#039;activit\u00e9 de l&#039;ESS Rhumatologie du littoral.\" \/>\n<meta name=\"robots\" content=\"index, follow, max-snippet:-1, max-image-preview:large, max-video-preview:-1\" \/>\n<link rel=\"canonical\" href=\"https:\/\/essrhumatologie.fr\/littoral\/actualites-rhumatologie\/\" \/>\n<meta property=\"og:locale\" content=\"fr_FR\" \/>\n<meta property=\"og:type\" content=\"article\" \/>\n<meta property=\"og:title\" content=\"Blog ESS - ESS Rhumatologie du Littoral\" \/>\n<meta property=\"og:description\" content=\"Actualit\u00e9s en lien avec la rhumatologie dans les Bouches-du-Rh\u00f4ne et sur l&#039;activit\u00e9 de l&#039;ESS Rhumatologie du littoral.\" \/>\n<meta property=\"og:url\" content=\"https:\/\/essrhumatologie.fr\/littoral\/actualites-rhumatologie\/\" \/>\n<meta property=\"og:site_name\" content=\"ESS Rhumatologie du Littoral\" \/>\n<meta property=\"article:modified_time\" content=\"2026-02-19T10:36:32+00:00\" \/>\n<meta property=\"og:image\" content=\"https:\/\/essrhumatologie.fr\/littoral\/wp-content\/uploads\/2024\/10\/accueil-ess.png\" \/>\n\t<meta property=\"og:image:width\" content=\"1395\" \/>\n\t<meta property=\"og:image:height\" content=\"651\" \/>\n\t<meta property=\"og:image:type\" content=\"image\/png\" \/>\n<meta name=\"twitter:card\" content=\"summary_large_image\" \/>\n<script type=\"application\/ld+json\" class=\"yoast-schema-graph\">{\"@context\":\"https:\\\/\\\/schema.org\",\"@graph\":[{\"@type\":\"WebPage\",\"@id\":\"https:\\\/\\\/essrhumatologie.fr\\\/littoral\\\/actualites-rhumatologie\\\/\",\"url\":\"https:\\\/\\\/essrhumatologie.fr\\\/littoral\\\/actualites-rhumatologie\\\/\",\"name\":\"Blog ESS - ESS Rhumatologie du Littoral\",\"isPartOf\":{\"@id\":\"https:\\\/\\\/essrhumatologie.fr\\\/littoral\\\/#website\"},\"datePublished\":\"2024-09-01T16:44:54+00:00\",\"dateModified\":\"2026-02-19T10:36:32+00:00\",\"description\":\"Actualit\u00e9s en lien avec la rhumatologie dans les Bouches-du-Rh\u00f4ne et sur l'activit\u00e9 de l'ESS Rhumatologie du littoral.\",\"breadcrumb\":{\"@id\":\"https:\\\/\\\/essrhumatologie.fr\\\/littoral\\\/actualites-rhumatologie\\\/#breadcrumb\"},\"inLanguage\":\"fr-FR\",\"potentialAction\":[{\"@type\":\"ReadAction\",\"target\":[\"https:\\\/\\\/essrhumatologie.fr\\\/littoral\\\/actualites-rhumatologie\\\/\"]}]},{\"@type\":\"BreadcrumbList\",\"@id\":\"https:\\\/\\\/essrhumatologie.fr\\\/littoral\\\/actualites-rhumatologie\\\/#breadcrumb\",\"itemListElement\":[{\"@type\":\"ListItem\",\"position\":1,\"name\":\"Accueil\",\"item\":\"https:\\\/\\\/essrhumatologie.fr\\\/littoral\\\/\"},{\"@type\":\"ListItem\",\"position\":2,\"name\":\"Blog ESS\"}]},{\"@type\":\"WebSite\",\"@id\":\"https:\\\/\\\/essrhumatologie.fr\\\/littoral\\\/#website\",\"url\":\"https:\\\/\\\/essrhumatologie.fr\\\/littoral\\\/\",\"name\":\"ESS Rhumatologie du Littoral\",\"description\":\"Pour fluidifier l&#039;offre de soins\",\"publisher\":{\"@id\":\"https:\\\/\\\/essrhumatologie.fr\\\/littoral\\\/#organization\"},\"potentialAction\":[{\"@type\":\"SearchAction\",\"target\":{\"@type\":\"EntryPoint\",\"urlTemplate\":\"https:\\\/\\\/essrhumatologie.fr\\\/littoral\\\/?s={search_term_string}\"},\"query-input\":{\"@type\":\"PropertyValueSpecification\",\"valueRequired\":true,\"valueName\":\"search_term_string\"}}],\"inLanguage\":\"fr-FR\"},{\"@type\":\"Organization\",\"@id\":\"https:\\\/\\\/essrhumatologie.fr\\\/littoral\\\/#organization\",\"name\":\"ESS Rhumatologie du Littoral\",\"url\":\"https:\\\/\\\/essrhumatologie.fr\\\/littoral\\\/\",\"logo\":{\"@type\":\"ImageObject\",\"inLanguage\":\"fr-FR\",\"@id\":\"https:\\\/\\\/essrhumatologie.fr\\\/littoral\\\/#\\\/schema\\\/logo\\\/image\\\/\",\"url\":\"https:\\\/\\\/essrhumatologie.fr\\\/littoral\\\/wp-content\\\/uploads\\\/2024\\\/07\\\/LOGO-ESS-couleur-sans-ombre.jpg\",\"contentUrl\":\"https:\\\/\\\/essrhumatologie.fr\\\/littoral\\\/wp-content\\\/uploads\\\/2024\\\/07\\\/LOGO-ESS-couleur-sans-ombre.jpg\",\"width\":530,\"height\":824,\"caption\":\"ESS Rhumatologie du Littoral\"},\"image\":{\"@id\":\"https:\\\/\\\/essrhumatologie.fr\\\/littoral\\\/#\\\/schema\\\/logo\\\/image\\\/\"},\"sameAs\":[\"https:\\\/\\\/www.linkedin.com\\\/company\\\/ess-rhumatologie-du-littoral\\\/posts\\\/?feedView=all\",\"https:\\\/\\\/www.instagram.com\\\/ess_rhumato\\\/\"]}]}<\/script>\n<!-- \/ Yoast SEO plugin. -->","yoast_head_json":{"title":"Blog ESS - ESS Rhumatologie du Littoral","description":"Actualit\u00e9s en lien avec la rhumatologie dans les Bouches-du-Rh\u00f4ne et sur l'activit\u00e9 de l'ESS Rhumatologie du littoral.","robots":{"index":"index","follow":"follow","max-snippet":"max-snippet:-1","max-image-preview":"max-image-preview:large","max-video-preview":"max-video-preview:-1"},"canonical":"https:\/\/essrhumatologie.fr\/littoral\/actualites-rhumatologie\/","og_locale":"fr_FR","og_type":"article","og_title":"Blog ESS - ESS Rhumatologie du Littoral","og_description":"Actualit\u00e9s en lien avec la rhumatologie dans les Bouches-du-Rh\u00f4ne et sur l'activit\u00e9 de l'ESS Rhumatologie du littoral.","og_url":"https:\/\/essrhumatologie.fr\/littoral\/actualites-rhumatologie\/","og_site_name":"ESS Rhumatologie du Littoral","article_modified_time":"2026-02-19T10:36:32+00:00","og_image":[{"width":1395,"height":651,"url":"https:\/\/essrhumatologie.fr\/littoral\/wp-content\/uploads\/2024\/10\/accueil-ess.png","type":"image\/png"}],"twitter_card":"summary_large_image","schema":{"@context":"https:\/\/schema.org","@graph":[{"@type":"WebPage","@id":"https:\/\/essrhumatologie.fr\/littoral\/actualites-rhumatologie\/","url":"https:\/\/essrhumatologie.fr\/littoral\/actualites-rhumatologie\/","name":"Blog ESS - ESS Rhumatologie du Littoral","isPartOf":{"@id":"https:\/\/essrhumatologie.fr\/littoral\/#website"},"datePublished":"2024-09-01T16:44:54+00:00","dateModified":"2026-02-19T10:36:32+00:00","description":"Actualit\u00e9s en lien avec la rhumatologie dans les Bouches-du-Rh\u00f4ne et sur l'activit\u00e9 de l'ESS Rhumatologie du littoral.","breadcrumb":{"@id":"https:\/\/essrhumatologie.fr\/littoral\/actualites-rhumatologie\/#breadcrumb"},"inLanguage":"fr-FR","potentialAction":[{"@type":"ReadAction","target":["https:\/\/essrhumatologie.fr\/littoral\/actualites-rhumatologie\/"]}]},{"@type":"BreadcrumbList","@id":"https:\/\/essrhumatologie.fr\/littoral\/actualites-rhumatologie\/#breadcrumb","itemListElement":[{"@type":"ListItem","position":1,"name":"Accueil","item":"https:\/\/essrhumatologie.fr\/littoral\/"},{"@type":"ListItem","position":2,"name":"Blog ESS"}]},{"@type":"WebSite","@id":"https:\/\/essrhumatologie.fr\/littoral\/#website","url":"https:\/\/essrhumatologie.fr\/littoral\/","name":"ESS Rhumatologie du Littoral","description":"Pour fluidifier l&#039;offre de soins","publisher":{"@id":"https:\/\/essrhumatologie.fr\/littoral\/#organization"},"potentialAction":[{"@type":"SearchAction","target":{"@type":"EntryPoint","urlTemplate":"https:\/\/essrhumatologie.fr\/littoral\/?s={search_term_string}"},"query-input":{"@type":"PropertyValueSpecification","valueRequired":true,"valueName":"search_term_string"}}],"inLanguage":"fr-FR"},{"@type":"Organization","@id":"https:\/\/essrhumatologie.fr\/littoral\/#organization","name":"ESS Rhumatologie du Littoral","url":"https:\/\/essrhumatologie.fr\/littoral\/","logo":{"@type":"ImageObject","inLanguage":"fr-FR","@id":"https:\/\/essrhumatologie.fr\/littoral\/#\/schema\/logo\/image\/","url":"https:\/\/essrhumatologie.fr\/littoral\/wp-content\/uploads\/2024\/07\/LOGO-ESS-couleur-sans-ombre.jpg","contentUrl":"https:\/\/essrhumatologie.fr\/littoral\/wp-content\/uploads\/2024\/07\/LOGO-ESS-couleur-sans-ombre.jpg","width":530,"height":824,"caption":"ESS Rhumatologie du Littoral"},"image":{"@id":"https:\/\/essrhumatologie.fr\/littoral\/#\/schema\/logo\/image\/"},"sameAs":["https:\/\/www.linkedin.com\/company\/ess-rhumatologie-du-littoral\/posts\/?feedView=all","https:\/\/www.instagram.com\/ess_rhumato\/"]}]}},"_links":{"self":[{"href":"https:\/\/essrhumatologie.fr\/littoral\/wp-json\/wp\/v2\/pages\/209","targetHints":{"allow":["GET"]}}],"collection":[{"href":"https:\/\/essrhumatologie.fr\/littoral\/wp-json\/wp\/v2\/pages"}],"about":[{"href":"https:\/\/essrhumatologie.fr\/littoral\/wp-json\/wp\/v2\/types\/page"}],"author":[{"embeddable":true,"href":"https:\/\/essrhumatologie.fr\/littoral\/wp-json\/wp\/v2\/users\/1"}],"replies":[{"embeddable":true,"href":"https:\/\/essrhumatologie.fr\/littoral\/wp-json\/wp\/v2\/comments?post=209"}],"version-history":[{"count":20,"href":"https:\/\/essrhumatologie.fr\/littoral\/wp-json\/wp\/v2\/pages\/209\/revisions"}],"predecessor-version":[{"id":8708,"href":"https:\/\/essrhumatologie.fr\/littoral\/wp-json\/wp\/v2\/pages\/209\/revisions\/8708"}],"wp:attachment":[{"href":"https:\/\/essrhumatologie.fr\/littoral\/wp-json\/wp\/v2\/media?parent=209"}],"curies":[{"name":"wp","href":"https:\/\/api.w.org\/{rel}","templated":true}]}}